{"id":104,"date":"2025-05-14T18:51:56","date_gmt":"2025-05-14T16:51:56","guid":{"rendered":"https:\/\/tienda.jape.es\/?post_type=product&#038;p=104"},"modified":"2025-06-20T18:35:34","modified_gmt":"2025-06-20T16:35:34","slug":"libro-de-colorear-kawaii-cosas","status":"publish","type":"product","link":"https:\/\/tienda.jape.es\/?product=libro-de-colorear-kawaii-cosas","title":{"rendered":"LIBRO DE COLOREAR KAWAII: COSAS"},"content":{"rendered":"<p><b>Colorea todo tipo de objetos cotidianos al estilo kawaii con este libro ideal para ni\u00f1os peque\u00f1os, ilustrado por Jape.<\/b><\/p>\n<p><span style=\"font-weight: 400;\">Este libro de colorear est\u00e1 pensado para ni\u00f1os a partir de 1 a\u00f1o, con ilustraciones grandes, simples y adorables de <\/span><b>objetos de uso diario<\/b><span style=\"font-weight: 400;\">: mochilas, l\u00e1pices, tazas, juguetes, relojes, paraguas y muchos m\u00e1s\u2026 \u00a1todos con carita kawaii!<\/span><\/p>\n<p><span style=\"font-weight: 400;\">El objetivo es mejorar la <\/span><b>motricidad fina<\/b><span style=\"font-weight: 400;\">, la <\/span><b>coordinaci\u00f3n mano-ojo<\/b><span style=\"font-weight: 400;\"> y estimular la creatividad a trav\u00e9s del color y el dibujo.<\/span><\/p>\n<p><b>Editorial Original:<\/b><span style=\"font-weight: 400;\"> Jape Studio<\/span><\/p>\n<p><b>Autor\/es:<\/b><span style=\"font-weight: 400;\"> Jos\u00e9 Antonio P\u00e9rez (Jape)<\/span><\/p>\n<p><b>Fecha de lanzamiento:<\/b><span style=\"font-weight: 400;\"> 03 jul 2024<\/span><\/p>\n<p><b>Idioma:<\/b><span style=\"font-weight: 400;\"> Espa\u00f1ol<\/span><\/p>\n<p><b>P\u00e1ginas:<\/b><span style=\"font-weight: 400;\"> 102<\/span><\/p>\n<p><b>Tama\u00f1o:<\/b><span style=\"font-weight: 400;\"> 21X21<\/span><\/p>\n<p><b>Formato:<\/b><span style=\"font-weight: 400;\"> Carton\u00e9<\/span><\/p>\n<p><b>Edad:<\/b><span style=\"font-weight: 400;\"> 6+<\/span><\/p>\n<p><b>Interior:<\/b><span style=\"font-weight: 400;\"> Blanco y negro<\/span><\/p>\n<p><b>ISBN:<\/b><span style=\"font-weight: 400;\"> 979-8332162688<\/span><\/p>\n","protected":false},"excerpt":{"rendered":"<p><span style=\"font-weight: 400;\">Colorea objetos cotidianos adorables y mejora la motricidad con este libro kawaii para ni\u00f1os a partir de 1 a\u00f1o. Creado por Jape.<\/span><\/p>\n","protected":false},"featured_media":105,"comment_status":"open","ping_status":"closed","template":"","meta":{"_uag_custom_page_level_css":"","site-sidebar-layout":"default","site-content-layout":"","ast-site-content-layout":"default","site-content-style":"default","site-sidebar-style":"default","ast-global-header-display":"","ast-banner-title-visibility":"","ast-main-header-display":"","ast-hfb-above-header-display":"","ast-hfb-below-header-display":"","ast-hfb-mobile-header-display":"","site-post-title":"","ast-breadcrumbs-content":"","ast-featured-img":"","footer-sml-layout":"","theme-transparent-header-meta":"default","adv-header-id-meta":"","stick-header-meta":"","header-above-stick-meta":"","header-main-stick-meta":"","header-below-stick-meta":"","astra-migrate-meta-layouts":"set","ast-page-background-enabled":"default","ast-page-background-meta":{"desktop":{"background-color":"var(--ast-global-color-5)","background-image":"","background-repeat":"repeat","background-position":"center center","background-size":"auto","background-attachment":"scroll","background-type":"","background-media":"","overlay-type":"","overlay-color":"","overlay-opacity":"","overlay-gradient":""},"tablet":{"background-color":"","background-image":"","background-repeat":"repeat","background-position":"center center","background-size":"auto","background-attachment":"scroll","background-type":"","background-media":"","overlay-type":"","overlay-color":"","overlay-opacity":"","overlay-gradient":""},"mobile":{"background-color":"","background-image":"","background-repeat":"repeat","background-position":"center center","background-size":"auto","background-attachment":"scroll","background-type":"","background-media":"","overlay-type":"","overlay-color":"","overlay-opacity":"","overlay-gradient":""}},"ast-content-background-meta":{"desktop":{"background-color":"var(--ast-global-color-4)","background-image":"","background-repeat":"repeat","background-position":"center center","background-size":"auto","background-attachment":"scroll","background-type":"","background-media":"","overlay-type":"","overlay-color":"","overlay-opacity":"","overlay-gradient":""},"tablet":{"background-color":"var(--ast-global-color-4)","background-image":"","background-repeat":"repeat","background-position":"center center","background-size":"auto","background-attachment":"scroll","background-type":"","background-media":"","overlay-type":"","overlay-color":"","overlay-opacity":"","overlay-gradient":""},"mobile":{"background-color":"var(--ast-global-color-4)","background-image":"","background-repeat":"repeat","background-position":"center center","background-size":"auto","background-attachment":"scroll","background-type":"","background-media":"","overlay-type":"","overlay-color":"","overlay-opacity":"","overlay-gradient":""}}},"product_brand":[],"product_cat":[18,37],"product_tag":[28,36,33,31,32],"class_list":{"0":"post-104","1":"product","2":"type-product","3":"status-publish","4":"has-post-thumbnail","6":"product_cat-libros","7":"product_cat-libros-de-colorear","8":"product_tag-kawaii","9":"product_tag-libros-de-colorear","10":"product_tag-libros-de-dibujo","11":"product_tag-libros-para-ninos","12":"product_tag-regalos-creativos","13":"desktop-align-center","14":"tablet-align-left","15":"mobile-align-left","17":"first","18":"instock","19":"taxable","20":"shipping-taxable","21":"product-type-external"},"uagb_featured_image_src":{"full":["https:\/\/tienda.jape.es\/wp-content\/uploads\/2025\/05\/09-COLOR-COSASB-1.jpg",700,700,false],"thumbnail":["https:\/\/tienda.jape.es\/wp-content\/uploads\/2025\/05\/09-COLOR-COSASB-1-150x150.jpg",150,150,true],"medium":["https:\/\/tienda.jape.es\/wp-content\/uploads\/2025\/05\/09-COLOR-COSASB-1-300x300.jpg",300,300,true],"medium_large":["https:\/\/tienda.jape.es\/wp-content\/uploads\/2025\/05\/09-COLOR-COSASB-1.jpg",700,700,false],"large":["https:\/\/tienda.jape.es\/wp-content\/uploads\/2025\/05\/09-COLOR-COSASB-1.jpg",700,700,false],"1536x1536":["https:\/\/tienda.jape.es\/wp-content\/uploads\/2025\/05\/09-COLOR-COSASB-1.jpg",700,700,false],"2048x2048":["https:\/\/tienda.jape.es\/wp-content\/uploads\/2025\/05\/09-COLOR-COSASB-1.jpg",700,700,false],"cfw_cart_thumb":["https:\/\/tienda.jape.es\/wp-content\/uploads\/2025\/05\/09-COLOR-COSASB-1-60x60.jpg",60,60,true],"woocommerce_thumbnail":["https:\/\/tienda.jape.es\/wp-content\/uploads\/2025\/05\/09-COLOR-COSASB-1-300x300.jpg",300,300,true],"woocommerce_single":["https:\/\/tienda.jape.es\/wp-content\/uploads\/2025\/05\/09-COLOR-COSASB-1-600x600.jpg",600,600,true],"woocommerce_gallery_thumbnail":["https:\/\/tienda.jape.es\/wp-content\/uploads\/2025\/05\/09-COLOR-COSASB-1-100x100.jpg",100,100,true]},"uagb_author_info":{"display_name":"365bocetos2","author_link":"https:\/\/tienda.jape.es\/?author=0"},"uagb_comment_info":0,"uagb_excerpt":"Colorea objetos cotidianos adorables y mejora la motricidad con este libro kawaii para ni\u00f1os a partir de 1 a\u00f1o. Creado por Jape.","_links":{"self":[{"href":"https:\/\/tienda.jape.es\/index.php?rest_route=\/wp\/v2\/product\/104","targetHints":{"allow":["GET"]}}],"collection":[{"href":"https:\/\/tienda.jape.es\/index.php?rest_route=\/wp\/v2\/product"}],"about":[{"href":"https:\/\/tienda.jape.es\/index.php?rest_route=\/wp\/v2\/types\/product"}],"replies":[{"embeddable":true,"href":"https:\/\/tienda.jape.es\/index.php?rest_route=%2Fwp%2Fv2%2Fcomments&post=104"}],"wp:featuredmedia":[{"embeddable":true,"href":"https:\/\/tienda.jape.es\/index.php?rest_route=\/wp\/v2\/media\/105"}],"wp:attachment":[{"href":"https:\/\/tienda.jape.es\/index.php?rest_route=%2Fwp%2Fv2%2Fmedia&parent=104"}],"wp:term":[{"taxonomy":"product_brand","embeddable":true,"href":"https:\/\/tienda.jape.es\/index.php?rest_route=%2Fwp%2Fv2%2Fproduct_brand&post=104"},{"taxonomy":"product_cat","embeddable":true,"href":"https:\/\/tienda.jape.es\/index.php?rest_route=%2Fwp%2Fv2%2Fproduct_cat&post=104"},{"taxonomy":"product_tag","embeddable":true,"href":"https:\/\/tienda.jape.es\/index.php?rest_route=%2Fwp%2Fv2%2Fproduct_tag&post=104"}],"curies":[{"name":"wp","href":"https:\/\/api.w.org\/{rel}","templated":true}]}}