{"id":90,"date":"2025-05-14T18:29:20","date_gmt":"2025-05-14T16:29:20","guid":{"rendered":"https:\/\/tienda.jape.es\/?post_type=product&#038;p=90"},"modified":"2025-05-14T18:29:20","modified_gmt":"2025-05-14T16:29:20","slug":"dibuja-tu-cole-kawaii","status":"publish","type":"product","link":"https:\/\/tienda.jape.es\/?product=dibuja-tu-cole-kawaii","title":{"rendered":"DIBUJA TU COLE KAWAII"},"content":{"rendered":"<p><b>Convierte tu d\u00eda a d\u00eda en clase en dibujos adorables con \u201cDibuja tu Cole Kawaii\u201d de Jape.<\/b><\/p>\n<p><span style=\"font-weight: 400;\">Aprende a dibujar objetos escolares, compa\u00f1eros, uniformes, mochilas, estuches, balones y hasta desayunos\u2026 \u00a1todo con el estilo kawaii m\u00e1s tierno!<\/span><\/p>\n<p><span style=\"font-weight: 400;\">Guiado por Jape, creador de los canales de YouTube <\/span><i><span style=\"font-weight: 400;\">Muy Kawaii<\/span><\/i><span style=\"font-weight: 400;\"> y <\/span><i><span style=\"font-weight: 400;\">365 Bocetos<\/span><\/i><span style=\"font-weight: 400;\">, este libro te ense\u00f1a paso a paso c\u00f3mo transformar tu entorno escolar en un universo lleno de personajes simp\u00e1ticos.<\/span><\/p>\n<p><span style=\"font-weight: 400;\">Perfecto para ni\u00f1os, ni\u00f1as y j\u00f3venes creativos, este libro fomenta la imaginaci\u00f3n mientras practicas dibujo de forma divertida, relajada y sin presi\u00f3n.<\/span><\/p>\n<p>&nbsp;<\/p>\n<p><b>Editorial Original:<\/b><span style=\"font-weight: 400;\"> PANINI<\/span><\/p>\n<p><b>Autor\/es:<\/b><span style=\"font-weight: 400;\"> Jos\u00e9 Antonio P\u00e9rez (Jape)<\/span><\/p>\n<p><b>Fecha de lanzamiento:<\/b><span style=\"font-weight: 400;\"> 27 mar 2024<\/span><\/p>\n<p><b>Idioma:<\/b><span style=\"font-weight: 400;\"> Espa\u00f1ol<\/span><\/p>\n<p><b>P\u00e1ginas:<\/b><span style=\"font-weight: 400;\"> 160<\/span><\/p>\n<p><b>Tama\u00f1o:<\/b><span style=\"font-weight: 400;\"> 21X28<\/span><\/p>\n<p><b>Formato:<\/b><span style=\"font-weight: 400;\"> Carton\u00e9<\/span><\/p>\n<p><b>Edad:<\/b><span style=\"font-weight: 400;\"> 6+<\/span><\/p>\n<p><b>Interior:<\/b><span style=\"font-weight: 400;\"> Color<\/span><\/p>\n<p><b>ISBN:<\/b><span style=\"font-weight: 400;\"> 9788410511118<\/span><\/p>\n","protected":false},"excerpt":{"rendered":"<p><span style=\"font-weight: 400;\">Aprende a dibujar tu cole al estilo kawaii: materiales, amigos, desayunos y m\u00e1s. Un libro tierno y divertido creado por Jape.<\/span><\/p>\n","protected":false},"featured_media":91,"comment_status":"open","ping_status":"closed","template":"","meta":{"_uag_custom_page_level_css":"","site-sidebar-layout":"default","site-content-layout":"","ast-site-content-layout":"default","site-content-style":"default","site-sidebar-style":"default","ast-global-header-display":"","ast-banner-title-visibility":"","ast-main-header-display":"","ast-hfb-above-header-display":"","ast-hfb-below-header-display":"","ast-hfb-mobile-header-display":"","site-post-title":"","ast-breadcrumbs-content":"","ast-featured-img":"","footer-sml-layout":"","theme-transparent-header-meta":"default","adv-header-id-meta":"","stick-header-meta":"","header-above-stick-meta":"","header-main-stick-meta":"","header-below-stick-meta":"","astra-migrate-meta-layouts":"set","ast-page-background-enabled":"default","ast-page-background-meta":{"desktop":{"background-color":"var(--ast-global-color-5)","background-image":"","background-repeat":"repeat","background-position":"center center","background-size":"auto","background-attachment":"scroll","background-type":"","background-media":"","overlay-type":"","overlay-color":"","overlay-opacity":"","overlay-gradient":""},"tablet":{"background-color":"","background-image":"","background-repeat":"repeat","background-position":"center center","background-size":"auto","background-attachment":"scroll","background-type":"","background-media":"","overlay-type":"","overlay-color":"","overlay-opacity":"","overlay-gradient":""},"mobile":{"background-color":"","background-image":"","background-repeat":"repeat","background-position":"center center","background-size":"auto","background-attachment":"scroll","background-type":"","background-media":"","overlay-type":"","overlay-color":"","overlay-opacity":"","overlay-gradient":""}},"ast-content-background-meta":{"desktop":{"background-color":"var(--ast-global-color-4)","background-image":"","background-repeat":"repeat","background-position":"center center","background-size":"auto","background-attachment":"scroll","background-type":"","background-media":"","overlay-type":"","overlay-color":"","overlay-opacity":"","overlay-gradient":""},"tablet":{"background-color":"var(--ast-global-color-4)","background-image":"","background-repeat":"repeat","background-position":"center center","background-size":"auto","background-attachment":"scroll","background-type":"","background-media":"","overlay-type":"","overlay-color":"","overlay-opacity":"","overlay-gradient":""},"mobile":{"background-color":"var(--ast-global-color-4)","background-image":"","background-repeat":"repeat","background-position":"center center","background-size":"auto","background-attachment":"scroll","background-type":"","background-media":"","overlay-type":"","overlay-color":"","overlay-opacity":"","overlay-gradient":""}}},"product_brand":[],"product_cat":[18,21],"product_tag":[29,27,28,33,31,30,32],"class_list":{"0":"post-90","1":"product","2":"type-product","3":"status-publish","4":"has-post-thumbnail","6":"product_cat-libros","7":"product_cat-libros-de-dibujo-kawaii","8":"product_tag-aprender-a-dibujar","9":"product_tag-como-dibujar","10":"product_tag-kawaii","11":"product_tag-libros-de-dibujo","12":"product_tag-libros-para-ninos","13":"product_tag-paso-a-paso","14":"product_tag-regalos-creativos","15":"desktop-align-center","16":"tablet-align-left","17":"mobile-align-left","19":"first","20":"instock","21":"sale","22":"taxable","23":"shipping-taxable","24":"product-type-external"},"uagb_featured_image_src":{"full":["https:\/\/tienda.jape.es\/wp-content\/uploads\/2025\/05\/03-KAWAII-3B-1.jpg",700,700,false],"thumbnail":["https:\/\/tienda.jape.es\/wp-content\/uploads\/2025\/05\/03-KAWAII-3B-1-150x150.jpg",150,150,true],"medium":["https:\/\/tienda.jape.es\/wp-content\/uploads\/2025\/05\/03-KAWAII-3B-1-300x300.jpg",300,300,true],"medium_large":["https:\/\/tienda.jape.es\/wp-content\/uploads\/2025\/05\/03-KAWAII-3B-1.jpg",700,700,false],"large":["https:\/\/tienda.jape.es\/wp-content\/uploads\/2025\/05\/03-KAWAII-3B-1.jpg",700,700,false],"1536x1536":["https:\/\/tienda.jape.es\/wp-content\/uploads\/2025\/05\/03-KAWAII-3B-1.jpg",700,700,false],"2048x2048":["https:\/\/tienda.jape.es\/wp-content\/uploads\/2025\/05\/03-KAWAII-3B-1.jpg",700,700,false],"cfw_cart_thumb":["https:\/\/tienda.jape.es\/wp-content\/uploads\/2025\/05\/03-KAWAII-3B-1-60x60.jpg",60,60,true],"woocommerce_thumbnail":["https:\/\/tienda.jape.es\/wp-content\/uploads\/2025\/05\/03-KAWAII-3B-1-300x300.jpg",300,300,true],"woocommerce_single":["https:\/\/tienda.jape.es\/wp-content\/uploads\/2025\/05\/03-KAWAII-3B-1-600x600.jpg",600,600,true],"woocommerce_gallery_thumbnail":["https:\/\/tienda.jape.es\/wp-content\/uploads\/2025\/05\/03-KAWAII-3B-1-100x100.jpg",100,100,true]},"uagb_author_info":{"display_name":"365bocetos2","author_link":"https:\/\/tienda.jape.es\/?author=0"},"uagb_comment_info":0,"uagb_excerpt":"Aprende a dibujar tu cole al estilo kawaii: materiales, amigos, desayunos y m\u00e1s. Un libro tierno y divertido creado por Jape.","_links":{"self":[{"href":"https:\/\/tienda.jape.es\/index.php?rest_route=\/wp\/v2\/product\/90","targetHints":{"allow":["GET"]}}],"collection":[{"href":"https:\/\/tienda.jape.es\/index.php?rest_route=\/wp\/v2\/product"}],"about":[{"href":"https:\/\/tienda.jape.es\/index.php?rest_route=\/wp\/v2\/types\/product"}],"replies":[{"embeddable":true,"href":"https:\/\/tienda.jape.es\/index.php?rest_route=%2Fwp%2Fv2%2Fcomments&post=90"}],"wp:featuredmedia":[{"embeddable":true,"href":"https:\/\/tienda.jape.es\/index.php?rest_route=\/wp\/v2\/media\/91"}],"wp:attachment":[{"href":"https:\/\/tienda.jape.es\/index.php?rest_route=%2Fwp%2Fv2%2Fmedia&parent=90"}],"wp:term":[{"taxonomy":"product_brand","embeddable":true,"href":"https:\/\/tienda.jape.es\/index.php?rest_route=%2Fwp%2Fv2%2Fproduct_brand&post=90"},{"taxonomy":"product_cat","embeddable":true,"href":"https:\/\/tienda.jape.es\/index.php?rest_route=%2Fwp%2Fv2%2Fproduct_cat&post=90"},{"taxonomy":"product_tag","embeddable":true,"href":"https:\/\/tienda.jape.es\/index.php?rest_route=%2Fwp%2Fv2%2Fproduct_tag&post=90"}],"curies":[{"name":"wp","href":"https:\/\/api.w.org\/{rel}","templated":true}]}}