{"id":92,"date":"2025-05-14T18:32:22","date_gmt":"2025-05-14T16:32:22","guid":{"rendered":"https:\/\/tienda.jape.es\/?post_type=product&#038;p=92"},"modified":"2025-05-14T18:32:22","modified_gmt":"2025-05-14T16:32:22","slug":"como-dibujar-manga-1","status":"publish","type":"product","link":"https:\/\/tienda.jape.es\/?product=como-dibujar-manga-1","title":{"rendered":"C\u00d3MO DIBUJAR MANGA 1"},"content":{"rendered":"<p><b>Aprende a dibujar tus propios personajes de manga paso a paso con el estilo claro y divertido de Jape.<\/b><\/p>\n<p><span style=\"font-weight: 400;\">Este libro es la introducci\u00f3n perfecta al dibujo manga para ni\u00f1os, ni\u00f1as y principiantes. A trav\u00e9s de explicaciones sencillas, ejemplos visuales y trucos pr\u00e1cticos, Jape (creador de <\/span><i><span style=\"font-weight: 400;\">Muy Kawaii<\/span><\/i><span style=\"font-weight: 400;\"> y <\/span><i><span style=\"font-weight: 400;\">365 Bocetos<\/span><\/i><span style=\"font-weight: 400;\">) te gu\u00eda para que puedas crear tus propios protagonistas al estilo japon\u00e9s.<\/span><\/p>\n<p><span style=\"font-weight: 400;\">Desde los ojos y el peinado hasta las expresiones y las poses din\u00e1micas, aqu\u00ed encontrar\u00e1s todo lo necesario para iniciarte en el mundo del manga de forma accesible y creativa.<\/span><\/p>\n<p>&nbsp;<\/p>\n<p><b>Editorial Original:<\/b><span style=\"font-weight: 400;\"> PANINI<\/span><\/p>\n<p><b>Autor\/es:<\/b><span style=\"font-weight: 400;\"> Jos\u00e9 Antonio P\u00e9rez (Jape)<\/span><\/p>\n<p><b>Fecha de lanzamiento:<\/b><span style=\"font-weight: 400;\"> 24 nov 2022<\/span><\/p>\n<p><b>Idioma:<\/b><span style=\"font-weight: 400;\"> Espa\u00f1ol<\/span><\/p>\n<p><b>P\u00e1ginas:<\/b><span style=\"font-weight: 400;\"> 160<\/span><\/p>\n<p><b>Tama\u00f1o:<\/b><span style=\"font-weight: 400;\"> 21X28<\/span><\/p>\n<p><b>Formato:<\/b><span style=\"font-weight: 400;\"> Carton\u00e9<\/span><\/p>\n<p><b>Edad:<\/b><span style=\"font-weight: 400;\"> 6+<\/span><\/p>\n<p><b>Interior:<\/b><span style=\"font-weight: 400;\"> Color<\/span><\/p>\n<p><b>ISBN:<\/b><span style=\"font-weight: 400;\"> 9788411501552<\/span><\/p>\n","protected":false},"excerpt":{"rendered":"<p><span style=\"font-weight: 400;\">Aprende a dibujar personajes manga paso a paso con Jape. Un libro ideal para iniciarte en el estilo japon\u00e9s de forma clara y divertida.<\/span><\/p>\n","protected":false},"featured_media":93,"comment_status":"open","ping_status":"closed","template":"","meta":{"_uag_custom_page_level_css":"","site-sidebar-layout":"default","site-content-layout":"","ast-site-content-layout":"default","site-content-style":"default","site-sidebar-style":"default","ast-global-header-display":"","ast-banner-title-visibility":"","ast-main-header-display":"","ast-hfb-above-header-display":"","ast-hfb-below-header-display":"","ast-hfb-mobile-header-display":"","site-post-title":"","ast-breadcrumbs-content":"","ast-featured-img":"","footer-sml-layout":"","theme-transparent-header-meta":"default","adv-header-id-meta":"","stick-header-meta":"","header-above-stick-meta":"","header-main-stick-meta":"","header-below-stick-meta":"","astra-migrate-meta-layouts":"set","ast-page-background-enabled":"default","ast-page-background-meta":{"desktop":{"background-color":"var(--ast-global-color-5)","background-image":"","background-repeat":"repeat","background-position":"center center","background-size":"auto","background-attachment":"scroll","background-type":"","background-media":"","overlay-type":"","overlay-color":"","overlay-opacity":"","overlay-gradient":""},"tablet":{"background-color":"","background-image":"","background-repeat":"repeat","background-position":"center center","background-size":"auto","background-attachment":"scroll","background-type":"","background-media":"","overlay-type":"","overlay-color":"","overlay-opacity":"","overlay-gradient":""},"mobile":{"background-color":"","background-image":"","background-repeat":"repeat","background-position":"center center","background-size":"auto","background-attachment":"scroll","background-type":"","background-media":"","overlay-type":"","overlay-color":"","overlay-opacity":"","overlay-gradient":""}},"ast-content-background-meta":{"desktop":{"background-color":"var(--ast-global-color-4)","background-image":"","background-repeat":"repeat","background-position":"center center","background-size":"auto","background-attachment":"scroll","background-type":"","background-media":"","overlay-type":"","overlay-color":"","overlay-opacity":"","overlay-gradient":""},"tablet":{"background-color":"var(--ast-global-color-4)","background-image":"","background-repeat":"repeat","background-position":"center center","background-size":"auto","background-attachment":"scroll","background-type":"","background-media":"","overlay-type":"","overlay-color":"","overlay-opacity":"","overlay-gradient":""},"mobile":{"background-color":"var(--ast-global-color-4)","background-image":"","background-repeat":"repeat","background-position":"center center","background-size":"auto","background-attachment":"scroll","background-type":"","background-media":"","overlay-type":"","overlay-color":"","overlay-opacity":"","overlay-gradient":""}}},"product_brand":[],"product_cat":[18,34],"product_tag":[29,27,33,31,35,30,32],"class_list":{"0":"post-92","1":"product","2":"type-product","3":"status-publish","4":"has-post-thumbnail","6":"product_cat-libros","7":"product_cat-libros-de-dibujo-manga","8":"product_tag-aprender-a-dibujar","9":"product_tag-como-dibujar","10":"product_tag-libros-de-dibujo","11":"product_tag-libros-para-ninos","12":"product_tag-manga","13":"product_tag-paso-a-paso","14":"product_tag-regalos-creativos","15":"desktop-align-center","16":"tablet-align-left","17":"mobile-align-left","19":"first","20":"instock","21":"sale","22":"taxable","23":"shipping-taxable","24":"product-type-external"},"uagb_featured_image_src":{"full":["https:\/\/tienda.jape.es\/wp-content\/uploads\/2025\/05\/05-MANGA-1-1.jpg",700,700,false],"thumbnail":["https:\/\/tienda.jape.es\/wp-content\/uploads\/2025\/05\/05-MANGA-1-1-150x150.jpg",150,150,true],"medium":["https:\/\/tienda.jape.es\/wp-content\/uploads\/2025\/05\/05-MANGA-1-1-300x300.jpg",300,300,true],"medium_large":["https:\/\/tienda.jape.es\/wp-content\/uploads\/2025\/05\/05-MANGA-1-1.jpg",700,700,false],"large":["https:\/\/tienda.jape.es\/wp-content\/uploads\/2025\/05\/05-MANGA-1-1.jpg",700,700,false],"1536x1536":["https:\/\/tienda.jape.es\/wp-content\/uploads\/2025\/05\/05-MANGA-1-1.jpg",700,700,false],"2048x2048":["https:\/\/tienda.jape.es\/wp-content\/uploads\/2025\/05\/05-MANGA-1-1.jpg",700,700,false],"cfw_cart_thumb":["https:\/\/tienda.jape.es\/wp-content\/uploads\/2025\/05\/05-MANGA-1-1-60x60.jpg",60,60,true],"woocommerce_thumbnail":["https:\/\/tienda.jape.es\/wp-content\/uploads\/2025\/05\/05-MANGA-1-1-300x300.jpg",300,300,true],"woocommerce_single":["https:\/\/tienda.jape.es\/wp-content\/uploads\/2025\/05\/05-MANGA-1-1-600x600.jpg",600,600,true],"woocommerce_gallery_thumbnail":["https:\/\/tienda.jape.es\/wp-content\/uploads\/2025\/05\/05-MANGA-1-1-100x100.jpg",100,100,true]},"uagb_author_info":{"display_name":"365bocetos2","author_link":"https:\/\/tienda.jape.es\/?author=0"},"uagb_comment_info":0,"uagb_excerpt":"Aprende a dibujar personajes manga paso a paso con Jape. Un libro ideal para iniciarte en el estilo japon\u00e9s de forma clara y divertida.","_links":{"self":[{"href":"https:\/\/tienda.jape.es\/index.php?rest_route=\/wp\/v2\/product\/92","targetHints":{"allow":["GET"]}}],"collection":[{"href":"https:\/\/tienda.jape.es\/index.php?rest_route=\/wp\/v2\/product"}],"about":[{"href":"https:\/\/tienda.jape.es\/index.php?rest_route=\/wp\/v2\/types\/product"}],"replies":[{"embeddable":true,"href":"https:\/\/tienda.jape.es\/index.php?rest_route=%2Fwp%2Fv2%2Fcomments&post=92"}],"wp:featuredmedia":[{"embeddable":true,"href":"https:\/\/tienda.jape.es\/index.php?rest_route=\/wp\/v2\/media\/93"}],"wp:attachment":[{"href":"https:\/\/tienda.jape.es\/index.php?rest_route=%2Fwp%2Fv2%2Fmedia&parent=92"}],"wp:term":[{"taxonomy":"product_brand","embeddable":true,"href":"https:\/\/tienda.jape.es\/index.php?rest_route=%2Fwp%2Fv2%2Fproduct_brand&post=92"},{"taxonomy":"product_cat","embeddable":true,"href":"https:\/\/tienda.jape.es\/index.php?rest_route=%2Fwp%2Fv2%2Fproduct_cat&post=92"},{"taxonomy":"product_tag","embeddable":true,"href":"https:\/\/tienda.jape.es\/index.php?rest_route=%2Fwp%2Fv2%2Fproduct_tag&post=92"}],"curies":[{"name":"wp","href":"https:\/\/api.w.org\/{rel}","templated":true}]}}