{"id":94,"date":"2025-05-14T18:35:05","date_gmt":"2025-05-14T16:35:05","guid":{"rendered":"https:\/\/tienda.jape.es\/?post_type=product&#038;p=94"},"modified":"2025-05-14T18:35:05","modified_gmt":"2025-05-14T16:35:05","slug":"como-dibujar-manga-2","status":"publish","type":"product","link":"https:\/\/tienda.jape.es\/?product=como-dibujar-manga-2","title":{"rendered":"C\u00d3MO DIBUJAR MANGA 2"},"content":{"rendered":"<p><b>Sigue perfeccionando tu estilo japon\u00e9s con \u201cC\u00f3mo Dibujar Manga 2\u201d, la segunda entrega del curso de dibujo manga creado por Jape.<\/b><\/p>\n<p><span style=\"font-weight: 400;\">Si ya diste tus primeros pasos con el volumen 1, este libro te ayudar\u00e1 a avanzar con <\/span><b>nuevos trucos, t\u00e9cnicas y consejos<\/b><span style=\"font-weight: 400;\"> para crear personajes a\u00fan m\u00e1s expresivos y profesionales.<\/span><\/p>\n<p><span style=\"font-weight: 400;\">Jape, autor de los canales <\/span><i><span style=\"font-weight: 400;\">Muy Kawaii<\/span><\/i><span style=\"font-weight: 400;\"> y <\/span><i><span style=\"font-weight: 400;\">365 Bocetos<\/span><\/i><span style=\"font-weight: 400;\">, te gu\u00eda de forma clara y visual para que aprendas a mejorar anatom\u00eda, movimiento, expresiones, accesorios y mucho m\u00e1s.<\/span><\/p>\n<p><span style=\"font-weight: 400;\">Ideal para ni\u00f1os, ni\u00f1as y j\u00f3venes que quieren dominar el estilo manga paso a paso.<\/span><\/p>\n<p>&nbsp;<\/p>\n<p><b>Editorial Original:<\/b><span style=\"font-weight: 400;\"> PANINI<\/span><\/p>\n<p><b>Autor\/es:<\/b><span style=\"font-weight: 400;\"> Jos\u00e9 Antonio P\u00e9rez (Jape)<\/span><\/p>\n<p><b>Fecha de lanzamiento:<\/b><span style=\"font-weight: 400;\"> 25 nov 2021<\/span><\/p>\n<p><b>Idioma:<\/b><span style=\"font-weight: 400;\"> Espa\u00f1ol<\/span><\/p>\n<p><b>P\u00e1ginas:<\/b><span style=\"font-weight: 400;\"> 160<\/span><\/p>\n<p><b>Tama\u00f1o:<\/b><span style=\"font-weight: 400;\"> 21X28<\/span><\/p>\n<p><b>Formato:<\/b><span style=\"font-weight: 400;\"> Carton\u00e9<\/span><\/p>\n<p><b>Edad:<\/b><span style=\"font-weight: 400;\"> 6+<\/span><\/p>\n<p><b>Interior:<\/b><span style=\"font-weight: 400;\"> Color<\/span><\/p>\n<p><b>ISBN:<\/b><span style=\"font-weight: 400;\"> 9788411012072<\/span><\/p>\n","protected":false},"excerpt":{"rendered":"<p><span style=\"font-weight: 400;\">Sigue mejorando tu estilo manga con nuevos trucos y t\u00e9cnicas paso a paso. El segundo volumen perfecto para futuros mangakas.<\/span><\/p>\n","protected":false},"featured_media":95,"comment_status":"open","ping_status":"closed","template":"","meta":{"_uag_custom_page_level_css":"","site-sidebar-layout":"default","site-content-layout":"","ast-site-content-layout":"default","site-content-style":"default","site-sidebar-style":"default","ast-global-header-display":"","ast-banner-title-visibility":"","ast-main-header-display":"","ast-hfb-above-header-display":"","ast-hfb-below-header-display":"","ast-hfb-mobile-header-display":"","site-post-title":"","ast-breadcrumbs-content":"","ast-featured-img":"","footer-sml-layout":"","theme-transparent-header-meta":"default","adv-header-id-meta":"","stick-header-meta":"","header-above-stick-meta":"","header-main-stick-meta":"","header-below-stick-meta":"","astra-migrate-meta-layouts":"set","ast-page-background-enabled":"default","ast-page-background-meta":{"desktop":{"background-color":"var(--ast-global-color-5)","background-image":"","background-repeat":"repeat","background-position":"center center","background-size":"auto","background-attachment":"scroll","background-type":"","background-media":"","overlay-type":"","overlay-color":"","overlay-opacity":"","overlay-gradient":""},"tablet":{"background-color":"","background-image":"","background-repeat":"repeat","background-position":"center center","background-size":"auto","background-attachment":"scroll","background-type":"","background-media":"","overlay-type":"","overlay-color":"","overlay-opacity":"","overlay-gradient":""},"mobile":{"background-color":"","background-image":"","background-repeat":"repeat","background-position":"center center","background-size":"auto","background-attachment":"scroll","background-type":"","background-media":"","overlay-type":"","overlay-color":"","overlay-opacity":"","overlay-gradient":""}},"ast-content-background-meta":{"desktop":{"background-color":"var(--ast-global-color-4)","background-image":"","background-repeat":"repeat","background-position":"center center","background-size":"auto","background-attachment":"scroll","background-type":"","background-media":"","overlay-type":"","overlay-color":"","overlay-opacity":"","overlay-gradient":""},"tablet":{"background-color":"var(--ast-global-color-4)","background-image":"","background-repeat":"repeat","background-position":"center center","background-size":"auto","background-attachment":"scroll","background-type":"","background-media":"","overlay-type":"","overlay-color":"","overlay-opacity":"","overlay-gradient":""},"mobile":{"background-color":"var(--ast-global-color-4)","background-image":"","background-repeat":"repeat","background-position":"center center","background-size":"auto","background-attachment":"scroll","background-type":"","background-media":"","overlay-type":"","overlay-color":"","overlay-opacity":"","overlay-gradient":""}}},"product_brand":[],"product_cat":[18,19,34],"product_tag":[29,27,33,31,35,30,32],"class_list":{"0":"post-94","1":"product","2":"type-product","3":"status-publish","4":"has-post-thumbnail","6":"product_cat-libros","7":"product_cat-libros-de-dibujo","8":"product_cat-libros-de-dibujo-manga","9":"product_tag-aprender-a-dibujar","10":"product_tag-como-dibujar","11":"product_tag-libros-de-dibujo","12":"product_tag-libros-para-ninos","13":"product_tag-manga","14":"product_tag-paso-a-paso","15":"product_tag-regalos-creativos","16":"desktop-align-center","17":"tablet-align-left","18":"mobile-align-left","20":"first","21":"instock","22":"sale","23":"taxable","24":"shipping-taxable","25":"product-type-external"},"uagb_featured_image_src":{"full":["https:\/\/tienda.jape.es\/wp-content\/uploads\/2025\/05\/06-MANGA-2-1.jpg",700,700,false],"thumbnail":["https:\/\/tienda.jape.es\/wp-content\/uploads\/2025\/05\/06-MANGA-2-1-150x150.jpg",150,150,true],"medium":["https:\/\/tienda.jape.es\/wp-content\/uploads\/2025\/05\/06-MANGA-2-1-300x300.jpg",300,300,true],"medium_large":["https:\/\/tienda.jape.es\/wp-content\/uploads\/2025\/05\/06-MANGA-2-1.jpg",700,700,false],"large":["https:\/\/tienda.jape.es\/wp-content\/uploads\/2025\/05\/06-MANGA-2-1.jpg",700,700,false],"1536x1536":["https:\/\/tienda.jape.es\/wp-content\/uploads\/2025\/05\/06-MANGA-2-1.jpg",700,700,false],"2048x2048":["https:\/\/tienda.jape.es\/wp-content\/uploads\/2025\/05\/06-MANGA-2-1.jpg",700,700,false],"cfw_cart_thumb":["https:\/\/tienda.jape.es\/wp-content\/uploads\/2025\/05\/06-MANGA-2-1-60x60.jpg",60,60,true],"woocommerce_thumbnail":["https:\/\/tienda.jape.es\/wp-content\/uploads\/2025\/05\/06-MANGA-2-1-300x300.jpg",300,300,true],"woocommerce_single":["https:\/\/tienda.jape.es\/wp-content\/uploads\/2025\/05\/06-MANGA-2-1-600x600.jpg",600,600,true],"woocommerce_gallery_thumbnail":["https:\/\/tienda.jape.es\/wp-content\/uploads\/2025\/05\/06-MANGA-2-1-100x100.jpg",100,100,true]},"uagb_author_info":{"display_name":"365bocetos2","author_link":"https:\/\/tienda.jape.es\/?author=0"},"uagb_comment_info":0,"uagb_excerpt":"Sigue mejorando tu estilo manga con nuevos trucos y t\u00e9cnicas paso a paso. El segundo volumen perfecto para futuros mangakas.","_links":{"self":[{"href":"https:\/\/tienda.jape.es\/index.php?rest_route=\/wp\/v2\/product\/94","targetHints":{"allow":["GET"]}}],"collection":[{"href":"https:\/\/tienda.jape.es\/index.php?rest_route=\/wp\/v2\/product"}],"about":[{"href":"https:\/\/tienda.jape.es\/index.php?rest_route=\/wp\/v2\/types\/product"}],"replies":[{"embeddable":true,"href":"https:\/\/tienda.jape.es\/index.php?rest_route=%2Fwp%2Fv2%2Fcomments&post=94"}],"wp:featuredmedia":[{"embeddable":true,"href":"https:\/\/tienda.jape.es\/index.php?rest_route=\/wp\/v2\/media\/95"}],"wp:attachment":[{"href":"https:\/\/tienda.jape.es\/index.php?rest_route=%2Fwp%2Fv2%2Fmedia&parent=94"}],"wp:term":[{"taxonomy":"product_brand","embeddable":true,"href":"https:\/\/tienda.jape.es\/index.php?rest_route=%2Fwp%2Fv2%2Fproduct_brand&post=94"},{"taxonomy":"product_cat","embeddable":true,"href":"https:\/\/tienda.jape.es\/index.php?rest_route=%2Fwp%2Fv2%2Fproduct_cat&post=94"},{"taxonomy":"product_tag","embeddable":true,"href":"https:\/\/tienda.jape.es\/index.php?rest_route=%2Fwp%2Fv2%2Fproduct_tag&post=94"}],"curies":[{"name":"wp","href":"https:\/\/api.w.org\/{rel}","templated":true}]}}